{"id":65,"date":"2024-02-07T07:50:59","date_gmt":"2024-02-07T07:50:59","guid":{"rendered":"https:\/\/frauenaerztin-krasser.at\/?page_id=65"},"modified":"2024-02-07T07:57:08","modified_gmt":"2024-02-07T07:57:08","slug":"impressum-datenschutz","status":"publish","type":"page","link":"https:\/\/frauenaerztin-krasser.at\/index.php\/impressum-datenschutz\/","title":{"rendered":"Impressum &#038; Datenschutz"},"content":{"rendered":"\t\t<div data-elementor-type=\"wp-page\" data-elementor-id=\"65\" class=\"elementor elementor-65\" data-elementor-post-type=\"page\">\n\t\t\t\t\t\t\t<div class=\"elementor-element elementor-element-58967e8 e-flex e-con-boxed e-con e-parent\" data-id=\"58967e8\" data-element_type=\"container\" data-settings=\"{&quot;content_width&quot;:&quot;boxed&quot;}\" data-core-v316-plus=\"true\">\n\t\t\t\t\t<div class=\"e-con-inner\">\n\t\t\t\t<div class=\"elementor-element elementor-element-329cb67 elementor-widget elementor-widget-heading\" data-id=\"329cb67\" data-element_type=\"widget\" data-widget_type=\"heading.default\">\n\t\t\t\t<div class=\"elementor-widget-container\">\n\t\t\t<style>\/*! elementor - v3.17.0 - 25-10-2023 *\/\n.elementor-heading-title{padding:0;margin:0;line-height:1}.elementor-widget-heading .elementor-heading-title[class*=elementor-size-]>a{color:inherit;font-size:inherit;line-height:inherit}.elementor-widget-heading .elementor-heading-title.elementor-size-small{font-size:15px}.elementor-widget-heading .elementor-heading-title.elementor-size-medium{font-size:19px}.elementor-widget-heading .elementor-heading-title.elementor-size-large{font-size:29px}.elementor-widget-heading .elementor-heading-title.elementor-size-xl{font-size:39px}.elementor-widget-heading .elementor-heading-title.elementor-size-xxl{font-size:59px}<\/style><h1 class=\"elementor-heading-title elementor-size-default\">Impressum & Datenschutz<\/h1>\t\t<\/div>\n\t\t\t\t<\/div>\n\t\t\t\t<div class=\"elementor-element elementor-element-cd8eb2b elementor-widget elementor-widget-text-editor\" data-id=\"cd8eb2b\" data-element_type=\"widget\" data-widget_type=\"text-editor.default\">\n\t\t\t\t<div class=\"elementor-widget-container\">\n\t\t\t<style>\/*! elementor - v3.17.0 - 25-10-2023 *\/\n.elementor-widget-text-editor.elementor-drop-cap-view-stacked .elementor-drop-cap{background-color:#69727d;color:#fff}.elementor-widget-text-editor.elementor-drop-cap-view-framed .elementor-drop-cap{color:#69727d;border:3px solid;background-color:transparent}.elementor-widget-text-editor:not(.elementor-drop-cap-view-default) .elementor-drop-cap{margin-top:8px}.elementor-widget-text-editor:not(.elementor-drop-cap-view-default) .elementor-drop-cap-letter{width:1em;height:1em}.elementor-widget-text-editor .elementor-drop-cap{float:left;text-align:center;line-height:1;font-size:50px}.elementor-widget-text-editor .elementor-drop-cap-letter{display:inline-block}<\/style>\t\t\t\t<div class=\"elementor-element elementor-element-3df6c90 elementor-widget elementor-widget-heading\" data-id=\"3df6c90\" data-element_type=\"widget\" data-widget_type=\"heading.default\"><div class=\"elementor-widget-container\"><div class=\"left w1\">Dr. Susanne Krasser, Ordination<br \/>\u201eBasta\u201c Leopold-Figl-Stra\u00dfe 1, <br \/>Stock 2, 8430 Leibnitz<\/div><div class=\"left w1\">Telefonnummer: +433452 76143<br \/>Fax: +433452 76143<br \/>E-Mail:\u00a0<a href=\"mailto:ordination@frauenaerztin-krasser.at\">ordination@frauenaerztin-krasser.at<\/a><br \/><br \/>UID ATU68131915<br \/>Mitglied bei \u00c4rztekammer \u00d6sterreich<br \/>Aufsichtsbeh\u00f6rde \u00c4rztekammer<br \/><br \/><strong>Datenschutzerkl\u00e4rung<\/strong><br \/>Der Schutz Ihrer pers\u00f6nlichen Daten ist uns ein besonderes Anliegen. Wir verarbeiten Ihre Daten daher ausschlie\u00dflich auf Grundlage der gesetzlichen Bestimmungen (DSGVO, TKG 2003). In diesen Datenschutzinformationen informieren wir Sie \u00fcber die wichtigsten Aspekte der Datenverarbeitung im Rahmen unserer Website.<\/div><div class=\"left w2\"><br \/><br \/><br \/><strong>Ihre Rechte<\/strong><br \/>Ihnen stehen grunds\u00e4tzlich die Rechte auf Auskunft, Berichtigung, L\u00f6schung, Einschr\u00e4nkung, Daten\u00fcbertragbarkeit, Widerruf und Widerspruch zu. Wenn Sie glauben, dass die Verarbeitung Ihrer Daten gegen das Datenschutzrecht verst\u00f6\u00dft oder Ihre datenschutzrechtlichen Anspr\u00fcche sonst in einer Weise verletzt worden sind, k\u00f6nnen Sie sich bei der Aufsichtsbeh\u00f6rde beschweren. In \u00d6sterreich ist dies die Datenschutzbeh\u00f6rde.<br \/><br \/><strong>Sie erreichen uns unter folgenden Kontaktdaten:<\/strong><br \/>Dr. Susanne Krasser, \u201eBasta\u201c Leopold-Figl-Stra\u00dfe 1, Stock 2, 8430 Leibnitz<\/div><div class=\"left w2\">Tel: +43 3452 76143<\/div><div class=\"left w2\">E-Mail: <a href=\"mailto:ordination@frauenaerztin-krasser.at\">ordination@frauenaerztin-krasser.at<\/a><\/div><\/div><\/div>\t\t\t\t\t\t<\/div>\n\t\t\t\t<\/div>\n\t\t\t\t\t<\/div>\n\t\t\t\t<\/div>\n\t\t\t\t\t\t\t<\/div>\n\t\t","protected":false},"excerpt":{"rendered":"<p>Impressum &#038; Datenschutz Dr. Susanne Krasser, Ordination\u201eBasta\u201c Leopold-Figl-Stra\u00dfe 1, Stock 2, 8430 LeibnitzTelefonnummer: +433452 76143Fax: +433452 76143E-Mail:\u00a0ordination@frauenaerztin-krasser.at UID ATU68131915Mitglied bei \u00c4rztekammer \u00d6sterreichAufsichtsbeh\u00f6rde \u00c4rztekammer Datenschutzerkl\u00e4rungDer Schutz Ihrer pers\u00f6nlichen Daten ist uns ein besonderes Anliegen. Wir verarbeiten Ihre Daten daher ausschlie\u00dflich auf Grundlage der gesetzlichen Bestimmungen (DSGVO, TKG 2003). In diesen Datenschutzinformationen informieren wir Sie \u00fcber die [&hellip;]<\/p>\n","protected":false},"author":1,"featured_media":0,"parent":0,"menu_order":0,"comment_status":"closed","ping_status":"closed","template":"elementor_header_footer","meta":{"footnotes":""},"_links":{"self":[{"href":"https:\/\/frauenaerztin-krasser.at\/index.php\/wp-json\/wp\/v2\/pages\/65"}],"collection":[{"href":"https:\/\/frauenaerztin-krasser.at\/index.php\/wp-json\/wp\/v2\/pages"}],"about":[{"href":"https:\/\/frauenaerztin-krasser.at\/index.php\/wp-json\/wp\/v2\/types\/page"}],"author":[{"embeddable":true,"href":"https:\/\/frauenaerztin-krasser.at\/index.php\/wp-json\/wp\/v2\/users\/1"}],"replies":[{"embeddable":true,"href":"https:\/\/frauenaerztin-krasser.at\/index.php\/wp-json\/wp\/v2\/comments?post=65"}],"version-history":[{"count":4,"href":"https:\/\/frauenaerztin-krasser.at\/index.php\/wp-json\/wp\/v2\/pages\/65\/revisions"}],"predecessor-version":[{"id":71,"href":"https:\/\/frauenaerztin-krasser.at\/index.php\/wp-json\/wp\/v2\/pages\/65\/revisions\/71"}],"wp:attachment":[{"href":"https:\/\/frauenaerztin-krasser.at\/index.php\/wp-json\/wp\/v2\/media?parent=65"}],"curies":[{"name":"wp","href":"https:\/\/api.w.org\/{rel}","templated":true}]}}